{"id":21627,"date":"2024-10-01T16:41:53","date_gmt":"2024-10-01T14:41:53","guid":{"rendered":"https:\/\/www.forcadell.com\/?page_id=21627"},"modified":"2025-01-13T17:22:46","modified_gmt":"2025-01-13T15:22:46","slug":"canal-etic","status":"publish","type":"page","link":"https:\/\/forcadell.com\/ca\/canal-etic\/","title":{"rendered":"Canal \u00e8tic"},"content":{"rendered":"<div class=\"o-container GenericStyles\">\n<h2 class=\"wp-block-heading\">Canal \u00e8tic<\/h2>\n<\/div>\n\n<div class=\"o-container GenericStyles\">\n<p>El present canal est\u00e0 dedicat exclusivament per a dirigir den\u00fancies per incompliments legals de l&#8217;organitzaci\u00f3 o les seves persones integrants, en els termes i condicions de la Llei 2\/2023, de 20 de febrer, reguladora de la protecci\u00f3 de les persones que informin sobre infraccions normatives i de lluita contra la corrupci\u00f3.<\/p>\n<\/div>\n\n<div class=\"o-container GenericStyles\">\n<p>Si t\u00e9 qualsevol dubte sobre altres q\u00fcestions, pot contactar-nos a trav\u00e9s d&#8217;altres canals disponibles en la p\u00e0gina web.<\/p>\n<\/div>\n\n<div class=\"o-container GenericStyles\">\n<p><strong>Qu\u00e8 es consideren incompliments normatius?<\/strong><\/p>\n<\/div>\n\n<div class=\"o-container GenericStyles\">\n<p>Sense \u00e0nim excloent ni limitatiu, es consideren:<\/p>\n<\/div>\n\n<div class=\"o-container GenericStyles\">\n<ul class=\"wp-block-list\">\n<li>Fraus i estafes<\/li>\n\n\n\n<li>Blanqueig de capitals<\/li>\n\n\n\n<li>Evasi\u00f3 o elusi\u00f3 d\u2019impostos<\/li>\n\n\n\n<li>Delictes contra la propietat intel\u00b7lectual o industrial<\/li>\n\n\n\n<li>Compet\u00e8ncia deslleial<\/li>\n\n\n\n<li>Delictes contra el mercat o les persones consumidores<\/li>\n\n\n\n<li>Corrupci\u00f3 interna<\/li>\n\n\n\n<li>Irregularitats amb la Seguretat Social o l&#8217;Ag\u00e8ncia Tribut\u00e0ria<\/li>\n\n\n\n<li>Incompliment de la normativa sobre protecci\u00f3 de dades<\/li>\n\n\n\n<li>Revelaci\u00f3 de secrets empresarials<\/li>\n\n\n\n<li>Malversaci\u00f3<\/li>\n\n\n\n<li>Delictes contra el medi ambient i la salut p\u00fablica<\/li>\n\n\n\n<li>Vulneraci\u00f3 de drets de les persones treballadores<\/li>\n<\/ul>\n<\/div>\n\n<div class=\"o-container GenericStyles\">\n<p>Algunes de les situacions que es podrien denunciar per aquesta via s\u00f3n:<\/p>\n<\/div>\n\n<div class=\"o-container GenericStyles\">\n<ul class=\"wp-block-list\">\n<li>Possibles conductes i comportaments considerats il\u00b7legals amb l&#8217;acompliment del treball,<\/li>\n\n\n\n<li>Presumpta gesti\u00f3 lucrativa de recursos de l&#8217;empresa,<\/li>\n\n\n\n<li>Situacions de discriminaci\u00f3 o ab\u00fas sexual,<\/li>\n\n\n\n<li>Pr\u00e0ctiques de corrupci\u00f3, robatoris, fraus, etc.<\/li>\n<\/ul>\n<\/div>\n\n<div class=\"o-container GenericStyles\">\n<p><strong>Qui pot presentar una comunicaci\u00f3?<\/strong><\/p>\n<\/div>\n\n<div class=\"o-container GenericStyles\">\n<p>Qualsevol persona de l&#8217;empresa i aquelles persones externes que estiguin o hagin estat vinculades o relacionades amb la mateixa en un context laboral o professional.<\/p>\n<\/div>\n\n<div class=\"o-container GenericStyles\">\n<p><strong>Com puc realitzar una comunicaci\u00f3?<\/strong><\/p>\n<\/div>\n\n<div class=\"o-container GenericStyles\">\n<p>Es pot cursar de manera verbal, escrita o presencial seguint els passos indicats en el formulari del Canal confidencial de den\u00fancies. Aix\u00ed mateix, la comunicaci\u00f3 pot ser an\u00f2nima.<\/p>\n<\/div>\n\n<div class=\"o-container GenericStyles\">\n<p><strong>Com es tramitar\u00e0 la comunicaci\u00f3?<\/strong><\/p>\n<\/div>\n\n<div class=\"o-container GenericStyles\">\n<p>Es tramitar\u00e0 garantint la confidencialitat i prohibici\u00f3 de repres\u00e0lies a la persona informant.<\/p>\n<\/div>\n\n<div class=\"o-container GenericStyles\">\n<p><strong>Quins principis assisteixen a la persona informant?<\/strong><\/p>\n<\/div>\n\n<div class=\"o-container GenericStyles\">\n<p>El sistema intern d&#8217;informaci\u00f3 reuneix les garanties de confidencialitat, no repres\u00e0lies, respecte a la independ\u00e8ncia, la protecci\u00f3 de dades, secret de les comunicacions i les pr\u00e0ctiques correctes de seguiment, recerca i protecci\u00f3 de la persona informant.<\/p>\n<\/div>\n\n\n<div class=\"wp-block-buttons is-layout-flex wp-block-buttons-is-layout-flex\"><div class=\"o-container GenericStyles\">\n<div class=\"wp-block-button is-style-outline-icon\"><a class=\"wp-block-button__link wp-element-button\" href=\"https:\/\/canal-etico.lant-abogados.com\/Specific\/MVistaPublica?codiClient=MDAwMDM1&amp;secure=3893.0\">Acc\u00e9s al Canal \u00e8tic<\/a><\/div>\n<\/div><\/div>\n","protected":false},"excerpt":{"rendered":"<p>Canal \u00e8tic El present canal est\u00e0 dedicat exclusivament per a dirigir den\u00fancies per incompliments legals de l&#8217;organitzaci\u00f3 o les seves persones integrants, en els termes i condicions de la Llei 2\/2023, de 20 de febrer, reguladora de la protecci\u00f3 de les persones que informin sobre infraccions normatives i de lluita contra la corrupci\u00f3. Si t\u00e9 [&hellip;]<\/p>\n","protected":false},"author":17,"featured_media":0,"parent":0,"menu_order":0,"comment_status":"closed","ping_status":"closed","template":"layouts\/template-fit-content.php","meta":{"_acf_changed":false,"footnotes":""},"class_list":["post-21627","page","type-page","status-publish","hentry"],"acf":[],"yoast_head":"<!-- This site is optimized with the Yoast SEO plugin v25.6 - https:\/\/yoast.com\/wordpress\/plugins\/seo\/ -->\n<title>Canal \u00e8tic - Forcadell<\/title>\n<meta name=\"robots\" content=\"index, follow, max-snippet:-1, max-image-preview:large, max-video-preview:-1\" \/>\n<link rel=\"canonical\" href=\"https:\/\/forcadell.com\/ca\/canal-etic\/\" \/>\n<meta property=\"og:locale\" content=\"ca_ES\" \/>\n<meta property=\"og:type\" content=\"article\" \/>\n<meta property=\"og:title\" content=\"Canal \u00e8tic - Forcadell\" \/>\n<meta property=\"og:description\" content=\"Canal \u00e8tic El present canal est\u00e0 dedicat exclusivament per a dirigir den\u00fancies per incompliments legals de l&#8217;organitzaci\u00f3 o les seves persones integrants, en els termes i condicions de la Llei 2\/2023, de 20 de febrer, reguladora de la protecci\u00f3 de les persones que informin sobre infraccions normatives i de lluita contra la corrupci\u00f3. Si t\u00e9 [&hellip;]\" \/>\n<meta property=\"og:url\" content=\"https:\/\/forcadell.com\/ca\/canal-etic\/\" \/>\n<meta property=\"og:site_name\" content=\"Forcadell\" \/>\n<meta property=\"article:modified_time\" content=\"2025-01-13T15:22:46+00:00\" \/>\n<meta name=\"twitter:card\" content=\"summary_large_image\" \/>\n<meta name=\"twitter:label1\" content=\"Temps estimat de lectura\" \/>\n\t<meta name=\"twitter:data1\" content=\"2 minuts\" \/>\n<!-- \/ Yoast SEO plugin. -->","yoast_head_json":{"title":"Canal \u00e8tic - Forcadell","robots":{"index":"index","follow":"follow","max-snippet":"max-snippet:-1","max-image-preview":"max-image-preview:large","max-video-preview":"max-video-preview:-1"},"canonical":"https:\/\/forcadell.com\/ca\/canal-etic\/","og_locale":"ca_ES","og_type":"article","og_title":"Canal \u00e8tic - Forcadell","og_description":"Canal \u00e8tic El present canal est\u00e0 dedicat exclusivament per a dirigir den\u00fancies per incompliments legals de l&#8217;organitzaci\u00f3 o les seves persones integrants, en els termes i condicions de la Llei 2\/2023, de 20 de febrer, reguladora de la protecci\u00f3 de les persones que informin sobre infraccions normatives i de lluita contra la corrupci\u00f3. Si t\u00e9 [&hellip;]","og_url":"https:\/\/forcadell.com\/ca\/canal-etic\/","og_site_name":"Forcadell","article_modified_time":"2025-01-13T15:22:46+00:00","twitter_card":"summary_large_image","twitter_misc":{"Temps estimat de lectura":"2 minuts"},"schema":{"@context":"https:\/\/schema.org","@graph":[{"@type":"WebPage","@id":"https:\/\/forcadell.com\/ca\/canal-etic\/","url":"https:\/\/forcadell.com\/ca\/canal-etic\/","name":"Canal \u00e8tic - Forcadell","isPartOf":{"@id":"https:\/\/forcadell.com\/ca\/#website"},"datePublished":"2024-10-01T14:41:53+00:00","dateModified":"2025-01-13T15:22:46+00:00","breadcrumb":{"@id":"https:\/\/forcadell.com\/ca\/canal-etic\/#breadcrumb"},"inLanguage":"ca","potentialAction":[{"@type":"ReadAction","target":["https:\/\/forcadell.com\/ca\/canal-etic\/"]}]},{"@type":"BreadcrumbList","@id":"https:\/\/forcadell.com\/ca\/canal-etic\/#breadcrumb","itemListElement":[{"@type":"ListItem","position":1,"name":"Portada","item":"https:\/\/forcadell.com\/ca\/"},{"@type":"ListItem","position":2,"name":"Canal \u00e8tic"}]},{"@type":"WebSite","@id":"https:\/\/forcadell.com\/ca\/#website","url":"https:\/\/forcadell.com\/ca\/","name":"Forcadell","description":"Inmobiliaria Barcelona | Consultores inmobiliarios","potentialAction":[{"@type":"SearchAction","target":{"@type":"EntryPoint","urlTemplate":"https:\/\/forcadell.com\/ca\/?s={search_term_string}"},"query-input":{"@type":"PropertyValueSpecification","valueRequired":true,"valueName":"search_term_string"}}],"inLanguage":"ca"}]}},"_links":{"self":[{"href":"https:\/\/forcadell.com\/ca\/wp-json\/wp\/v2\/pages\/21627","targetHints":{"allow":["GET"]}}],"collection":[{"href":"https:\/\/forcadell.com\/ca\/wp-json\/wp\/v2\/pages"}],"about":[{"href":"https:\/\/forcadell.com\/ca\/wp-json\/wp\/v2\/types\/page"}],"author":[{"embeddable":true,"href":"https:\/\/forcadell.com\/ca\/wp-json\/wp\/v2\/users\/17"}],"replies":[{"embeddable":true,"href":"https:\/\/forcadell.com\/ca\/wp-json\/wp\/v2\/comments?post=21627"}],"version-history":[{"count":3,"href":"https:\/\/forcadell.com\/ca\/wp-json\/wp\/v2\/pages\/21627\/revisions"}],"predecessor-version":[{"id":28875,"href":"https:\/\/forcadell.com\/ca\/wp-json\/wp\/v2\/pages\/21627\/revisions\/28875"}],"wp:attachment":[{"href":"https:\/\/forcadell.com\/ca\/wp-json\/wp\/v2\/media?parent=21627"}],"curies":[{"name":"wp","href":"https:\/\/api.w.org\/{rel}","templated":true}]}}