{"id":20147,"date":"2024-06-29T15:23:19","date_gmt":"2024-06-29T13:23:19","guid":{"rendered":"https:\/\/www.forcadell.com\/politica-privacidad\/"},"modified":"2025-01-13T14:50:26","modified_gmt":"2025-01-13T12:50:26","slug":"politica-privacitat","status":"publish","type":"page","link":"https:\/\/forcadell.com\/ca\/politica-privacitat\/","title":{"rendered":"Pol\u00edtica de privacitat"},"content":{"rendered":"<div class=\"o-container GenericStyles\">\n<h2 class=\"wp-block-heading\"><strong>Pol\u00edtica de privacitat<\/strong><\/h2>\n<\/div>\n\n<div class=\"o-container GenericStyles\">\n<p>La confidencialitat i la seguretat s\u00f3n valors primordials de FORCADELL i, en conseq\u00fc\u00e8ncia, assumim el comprom\u00eds de garantir la privacitat de l&#8217;usuari a tot moment i de no recaptar informaci\u00f3 innecess\u00e0ria sobre l&#8217;Usuari. A continuaci\u00f3, li proporcionem tota la informaci\u00f3 necess\u00e0ria sobre la nostra Pol\u00edtica de Privacitat en relaci\u00f3 amb les dades personals que recaptem, explicant-li:<\/p>\n<\/div>\n\n<div class=\"o-container GenericStyles\">\n<ul class=\"wp-block-list\">\n<li>Qui \u00e9s el responsable del tractament de les seves dades.<\/li>\n\n\n\n<li>Per a quines finalitats recaptem les dades que li sol\u00b7licitem.<\/li>\n\n\n\n<li>Quina \u00e9s la legitimaci\u00f3 per al seu tractament.<\/li>\n\n\n\n<li>Durant quant temps els conservem.<\/li>\n\n\n\n<li>A quins destinataris es comuniquen les seves dades.<\/li>\n\n\n\n<li>Quins s\u00f3n els seus drets.<\/li>\n<\/ul>\n<\/div>\n\n<div class=\"o-container GenericStyles\">\n<p><strong>1. Responsable<\/strong>:<\/p>\n<\/div>\n\n<div class=\"o-container GenericStyles\">\n<p>FORCADELL CORPORACI\u00d3 IMMOBILI\u00c0RIA, S.L. (B60358926) <br>Pl. Universitat, 3 <br>08007 Barcelona<\/p>\n<\/div>\n\n<div class=\"o-container GenericStyles\">\n<p><a href=\"mailto:informacion@forcadell.com\">info@forcad<\/a><a href=\"mailto:info@forcadell.cat\">ell.cat<\/a><\/p>\n<\/div>\n\n<div class=\"o-container GenericStyles\">\n<p><\/p>\n<\/div>\n\n<div class=\"o-container GenericStyles\">\n<p><strong>Delegat de Protecci\u00f3 de Dades:<\/strong><\/p>\n<\/div>\n\n<div class=\"o-container GenericStyles\">\n<ul class=\"wp-block-list\">\n<li>Lant Abogados (Lant Advisors, S.L.P.), email:\u00a0<a href=\"mailto:forcadell@delegado-datos.com\">forcadell@delegado-datos.com<\/a><\/li>\n<\/ul>\n<\/div>\n\n<div class=\"o-container GenericStyles\">\n<p><strong>2. Finalitats, legitimaci\u00f3 i conservaci\u00f3 dels tractaments de les dades enviades a trav\u00e9s de:<\/strong><\/p>\n<\/div>\n\n<div class=\"o-container GenericStyles\">\n<ul class=\"wp-block-list\">\n<li>FORMULARI DE CONTACTE:<\/li>\n<\/ul>\n<\/div>\n\n<div class=\"o-container GenericStyles\">\n<p><strong>Finalitat:<\/strong>&nbsp;Facilitar-li un mitj\u00e0 perqu\u00e8 pugui posar-se en contacte amb nosaltres i contestar a les seves sol\u00b7licituds d&#8217;informaci\u00f3, aix\u00ed com enviar-li comunicacions dels nostres productes, serveis i activitats, incl\u00fas per mitjans electr\u00f2nics, si marca la casella d&#8217;acceptaci\u00f3.<\/p>\n<\/div>\n\n<div class=\"o-container GenericStyles\">\n<p><strong>Legitimaci\u00f3:<\/strong>&nbsp;El consentiment de l&#8217;usuari en sol\u00b7licitar-nos informaci\u00f3 a trav\u00e9s del nostre formulari de contactes i en marcar la casella d&#8217;acceptaci\u00f3 d&#8217;enviament d&#8217;informaci\u00f3.<\/p>\n<\/div>\n\n<div class=\"o-container GenericStyles\">\n<p><strong>Conservaci\u00f3:<\/strong>&nbsp;Una vegada resulta la seva sol\u00b7licitud per mitj\u00e0 del nostre formulari o contestada per correu electr\u00f2nic, si no ha generat un nou tractament, i en cas d&#8217;haver acceptat rebre enviaments comercials, fins que sol\u00b7liciti la baixa d&#8217;aquests.<\/p>\n<\/div>\n\n<div class=\"o-container GenericStyles\">\n<ul class=\"wp-block-list\">\n<li>ENVIAMENT DE CORREUS ELECTR\u00d2NICS:<\/li>\n<\/ul>\n<\/div>\n\n<div class=\"o-container GenericStyles\">\n<p><strong>Finalitat:<\/strong>&nbsp;Contestar a les seves sol\u00b7licituds d&#8217;informaci\u00f3, atendre les seves peticions i respondre les seves consultes o dubtes.<\/p>\n<\/div>\n\n<div class=\"o-container GenericStyles\">\n<p><strong>Legitimaci\u00f3:<\/strong>&nbsp;El consentiment de l&#8217;usuari en sol\u00b7licitar-nos informaci\u00f3 a trav\u00e9s de l&#8217;adre\u00e7a de correu electr\u00f2nic.<\/p>\n<\/div>\n\n<div class=\"o-container GenericStyles\">\n<p><strong>Conservaci\u00f3:<\/strong>&nbsp;Una vegada resulta contestada la seva petici\u00f3 per correu electr\u00f2nic, si no ha generat un nou tractament.<\/p>\n<\/div>\n\n<div class=\"o-container GenericStyles\">\n<ul class=\"wp-block-list\">\n<li>SUBSCRIPCI\u00d3 A LA NEWSLETTER:<\/li>\n<\/ul>\n<\/div>\n\n<div class=\"o-container GenericStyles\">\n<p><strong>Finalitat:<\/strong>&nbsp;Enviament del nostre butllet\u00ed comercial i de comunicacions informatives i publicit\u00e0ries sobre els nostres productes o serveis que siguin del seu inter\u00e8s, fins i tot per mitjans electr\u00f2nics.<\/p>\n<\/div>\n\n<div class=\"o-container GenericStyles\">\n<p><strong>Legitimaci\u00f3:<\/strong>&nbsp;El consentiment de l&#8217;usuari en subscriure&#8217;s als nostres enviaments comercials i\/o newsletters.<\/p>\n<\/div>\n\n<div class=\"o-container GenericStyles\">\n<p><strong>Conservaci\u00f3:<\/strong>\u00a0Fins que l&#8217;interessat revoqui el consentiment i sol\u00b7liciti la baixa del servei.<\/p>\n<\/div>\n\n<div class=\"o-container GenericStyles\">\n<ul class=\"wp-block-list\">\n<li>FORMULARI TREBALLAR A FORCADELL:<\/li>\n<\/ul>\n<\/div>\n\n<div class=\"o-container GenericStyles\">\n<p><strong>Finalitats:<\/strong>&nbsp;Participar en els nostres processos de selecci\u00f3 de personal presents i futurs. Realitzar perfils de personalitat i laborals. Verificar les refer\u00e8ncies aportades.<\/p>\n<\/div>\n\n<div class=\"o-container GenericStyles\">\n<p><strong>Legitimaci\u00f3:<\/strong>\u00a0Consentiment del candidat en remetre\u2019ns les seves dades personals i CV.<\/p>\n<\/div>\n\n<div class=\"o-container GenericStyles\">\n<p><strong>Conservaci\u00f3:<\/strong>&nbsp;Durant el desenvolupament dels processos de selecci\u00f3 de personal i, finalitzat aquest, durant 1 any per a futurs processos de selecci\u00f3.<\/p>\n<\/div>\n\n<div class=\"o-container GenericStyles\">\n<ul class=\"wp-block-list\">\n<li>FORMULARI SOL\u00b7LICITUD DE PRESSUPOST:<\/li>\n<\/ul>\n<\/div>\n\n<div class=\"o-container GenericStyles\">\n<p><strong>Finalitats:<\/strong>&nbsp;Remetre-li un pressupost dels nostres serveis per mitjans electr\u00f2nics.<\/p>\n<\/div>\n\n<div class=\"o-container GenericStyles\">\n<p><strong>Legitimaci\u00f3:<\/strong>\u00a0Consentiment de l\u2019usuari en fer la sol\u00b7licitud.<\/p>\n<\/div>\n\n<div class=\"o-container GenericStyles\">\n<p><strong>Conservaci\u00f3:<\/strong>&nbsp;Fins que es remeti la informaci\u00f3 sol\u00b7licitada, si no ha generat un nou tractament.<\/p>\n<\/div>\n\n<div class=\"o-container GenericStyles\">\n<ul class=\"wp-block-list\">\n<li>FORMULARI SUBSCRIPCI\u00d3 A INFORMES DE MERCAT:<\/li>\n<\/ul>\n<\/div>\n\n<div class=\"o-container GenericStyles\">\n<p><strong>Finalitats:&nbsp;<\/strong>Subscriure\u2019s per a rebre les nostres publicacions.<\/p>\n<\/div>\n\n<div class=\"o-container GenericStyles\">\n<p><strong>Legitimaci\u00f3:<\/strong>\u00a0Consentiment de l\u2019usuari en completar el formulari de subscripci\u00f3.<\/p>\n<\/div>\n\n<div class=\"o-container GenericStyles\">\n<p><strong>Conservaci\u00f3:<\/strong>\u00a0Fins que sol\u00b7liciti la baixa del servei.<\/p>\n<\/div>\n\n<div class=\"o-container GenericStyles\">\n<p><strong>Obligaci\u00f3 de facilitar-nos les seves dades personals i conseq\u00fc\u00e8ncies de no fer-ho.<\/strong><\/p>\n<\/div>\n\n<div class=\"o-container GenericStyles\">\n<p>El subministrament de dades personals requereix una edat m\u00ednima de 14 anys, o si escau, disposar de capacitat jur\u00eddica suficient per contractar.<\/p>\n<\/div>\n\n<div class=\"o-container GenericStyles\">\n<p>Les dades personals sol\u00b7licitades s\u00f3n necess\u00e0ries per gestionar les seves sol\u00b7licituds i\/o prestar-li els serveis que pugui contractar, per la qual cosa, si no ens els facilita, no podrem atendre\u00b4l correctament ni prestar-li el servei que ha sol\u00b7licitat.<\/p>\n<\/div>\n\n<div class=\"o-container GenericStyles\">\n<p><strong>3. Destinataris de les seves dades<\/strong><\/p>\n<\/div>\n\n<div class=\"o-container GenericStyles\">\n<p>Les seves dades s\u00f3n confidencials i no se cediran a tercers, tret que existeixi obligaci\u00f3 legal.<\/p>\n<\/div>\n\n<div class=\"o-container GenericStyles\">\n<p><strong>4. Drets en relaci\u00f3 amb les seves dades personals<\/strong><\/p>\n<\/div>\n\n<div class=\"o-container GenericStyles\">\n<p>Qualsevol persona pot retirar el seu consentiment a qualsevol moment, quan el mateix s&#8217;hagi atorgat per al tractament de les seves dades. En cap cas, la retirada d&#8217;aquest consentiment condiciona l&#8217;execuci\u00f3 del contracte de subscripci\u00f3 o les relacions generades amb anterioritat.<\/p>\n<\/div>\n\n<div class=\"o-container GenericStyles\">\n<p>Igualment, pot exercir els seg\u00fcents drets:<\/p>\n<\/div>\n\n<div class=\"o-container GenericStyles\">\n<ul class=\"wp-block-list\">\n<li>Sol\u00b7licitar l&#8217;acc\u00e9s a les seves dades personals o la seva rectificaci\u00f3 quan siguin inexactes.<\/li>\n\n\n\n<li>Sol\u00b7licitar la seva supressi\u00f3 quan, entre altres motius, les dades ja no siguin necessaris per a les finalitats pels quals van ser recollits.<\/li>\n\n\n\n<li>Sol\u00b7licitar la limitaci\u00f3 del seu tractament en determinades circumst\u00e0ncies.<\/li>\n\n\n\n<li>Sol\u00b7licitar l&#8217;oposici\u00f3 al tractament de les seves dades per motius relacionats amb la seva situaci\u00f3 particular.<\/li>\n\n\n\n<li>Sol\u00b7licitar la portabilitat de les dades en els casos previstos en la normativa.<\/li>\n\n\n\n<li>Altres drets reconeguts en les normatives aplicables.<\/li>\n<\/ul>\n<\/div>\n\n<div class=\"o-container GenericStyles\">\n<p>On i com sol\u00b7licitar els seus Drets: Mitjan\u00e7ant un escrit dirigit al responsable a la seva adre\u00e7a postal o electr\u00f2nica (indicades a l&#8217;apartat A), indicant la refer\u00e8ncia &#8220;Dades personals&#8221;, especificant el dret que es vol exercir i respecte a quines dades personals.<\/p>\n<\/div>\n\n<div class=\"o-container GenericStyles\">\n<p>En cas de diverg\u00e8ncies amb l&#8217;empresa en relaci\u00f3 amb el tractament de les seves dades, pot presentar una reclamaci\u00f3 davant l&#8217;Autoritat de Protecci\u00f3 de Dades (<a href=\"http:\/\/www.agpd.es\/\" target=\"_blank\" rel=\"noreferrer noopener\">www.agpd.es<\/a>).<\/p>\n<\/div>\n\n<div class=\"o-container GenericStyles\">\n<p><strong>5. Cookies<\/strong><\/p>\n<\/div>\n\n<div class=\"o-container GenericStyles\">\n<p>Aquesta p\u00e0gina web utilitza cookies t\u00e8cniques, de personalitzaci\u00f3, d&#8217;an\u00e0lisi i publicit\u00e0ries, pr\u00f2pies i de tercers que tracten dades de connexi\u00f3 i\/o del dispositiu, aix\u00ed com h\u00e0bits de navegaci\u00f3 per a finalitats estad\u00edstiques i publicit\u00e0ries.<\/p>\n<\/div>\n\n<div class=\"o-container GenericStyles\">\n<p>Per aix\u00f2, en accedir a la nostra web, en compliment de l&#8217;article 22 de la Llei de Serveis de la Societat de la Informaci\u00f3, en tractar les cookies esmentades, li hem sol\u00b7licitat el seu consentiment per al seu \u00fas i li hem facilitat informaci\u00f3 d&#8217;aquestes.<\/p>\n<\/div>\n\n<div class=\"o-container GenericStyles\">\n<p><strong>6. Seguretat de les seves dades personals<\/strong><\/p>\n<\/div>\n\n<div class=\"o-container GenericStyles\">\n<p>Amb l&#8217;objectiu de salvaguardar la seguretat de les seves dades personals, l&#8217;informem que hem adoptat totes les mesures d&#8217;\u00edndole t\u00e8cnica i organitzativa necess\u00e0ries per garantir la seguretat de les dades personals subministrades de la seva alteraci\u00f3, p\u00e8rdua, i tractaments o accessos no autoritzats.<\/p>\n<\/div>\n\n<div class=\"o-container GenericStyles\">\n<p><strong>7. Actualitzaci\u00f3 de les seves dades<\/strong><\/p>\n<\/div>\n\n<div class=\"o-container GenericStyles\">\n<p>\u00c9s important que perqu\u00e8 puguem mantenir les seves dades personals actualitzades, ens informi sempre que hi hagi hagut alguna modificaci\u00f3 en ells, en cas contrari, no responem de la veracitat d&#8217;aquests.<\/p>\n<\/div>\n\n<div class=\"o-container GenericStyles\">\n<p>No ens fem responsables de la pol\u00edtica de privacitat respecte a les dades personals que pugui facilitar a tercers per mitj\u00e0 dels enlla\u00e7os disponibles a la nostra p\u00e0gina web.<\/p>\n<\/div>\n\n<div class=\"o-container GenericStyles\">\n<p>La present Pol\u00edtica de Privacitat pot ser modificada per adaptar-les als canvis que es produeixi a la nostra web, aix\u00ed com modificacions legislatives o jurisprudencials sobre dades personals que vagin apareixent, per la qual cosa exigeix la seva lectura, cada vegada que ens faciliti les seves dades a trav\u00e9s d&#8217;aquesta web.<\/p>\n<\/div>\n\n<div class=\"o-container GenericStyles\">\n<p><\/p>\n<\/div>","protected":false},"excerpt":{"rendered":"<p>Pol\u00edtica de privacitat La confidencialitat i la seguretat s\u00f3n valors primordials de FORCADELL i, en conseq\u00fc\u00e8ncia, assumim el comprom\u00eds de garantir la privacitat de l&#8217;usuari a tot moment i de no recaptar informaci\u00f3 innecess\u00e0ria sobre l&#8217;Usuari. A continuaci\u00f3, li proporcionem tota la informaci\u00f3 necess\u00e0ria sobre la nostra Pol\u00edtica de Privacitat en relaci\u00f3 amb les dades [&hellip;]<\/p>\n","protected":false},"author":17,"featured_media":0,"parent":0,"menu_order":0,"comment_status":"closed","ping_status":"closed","template":"layouts\/template-fit-content.php","meta":{"_acf_changed":false,"footnotes":""},"class_list":["post-20147","page","type-page","status-publish","hentry"],"acf":[],"yoast_head":"<!-- This site is optimized with the Yoast SEO plugin v25.6 - https:\/\/yoast.com\/wordpress\/plugins\/seo\/ -->\n<title>Pol\u00edtica de privacitat - Forcadell<\/title>\n<meta name=\"robots\" content=\"index, follow, max-snippet:-1, max-image-preview:large, max-video-preview:-1\" \/>\n<link rel=\"canonical\" href=\"https:\/\/forcadell.com\/ca\/politica-privacitat\/\" \/>\n<meta property=\"og:locale\" content=\"ca_ES\" \/>\n<meta property=\"og:type\" content=\"article\" \/>\n<meta property=\"og:title\" content=\"Pol\u00edtica de privacitat - Forcadell\" \/>\n<meta property=\"og:description\" content=\"Pol\u00edtica de privacitat La confidencialitat i la seguretat s\u00f3n valors primordials de FORCADELL i, en conseq\u00fc\u00e8ncia, assumim el comprom\u00eds de garantir la privacitat de l&#8217;usuari a tot moment i de no recaptar informaci\u00f3 innecess\u00e0ria sobre l&#8217;Usuari. A continuaci\u00f3, li proporcionem tota la informaci\u00f3 necess\u00e0ria sobre la nostra Pol\u00edtica de Privacitat en relaci\u00f3 amb les dades [&hellip;]\" \/>\n<meta property=\"og:url\" content=\"https:\/\/forcadell.com\/ca\/politica-privacitat\/\" \/>\n<meta property=\"og:site_name\" content=\"Forcadell\" \/>\n<meta property=\"article:modified_time\" content=\"2025-01-13T12:50:26+00:00\" \/>\n<meta name=\"twitter:card\" content=\"summary_large_image\" \/>\n<meta name=\"twitter:label1\" content=\"Temps estimat de lectura\" \/>\n\t<meta name=\"twitter:data1\" content=\"5 minuts\" \/>\n<!-- \/ Yoast SEO plugin. -->","yoast_head_json":{"title":"Pol\u00edtica de privacitat - Forcadell","robots":{"index":"index","follow":"follow","max-snippet":"max-snippet:-1","max-image-preview":"max-image-preview:large","max-video-preview":"max-video-preview:-1"},"canonical":"https:\/\/forcadell.com\/ca\/politica-privacitat\/","og_locale":"ca_ES","og_type":"article","og_title":"Pol\u00edtica de privacitat - Forcadell","og_description":"Pol\u00edtica de privacitat La confidencialitat i la seguretat s\u00f3n valors primordials de FORCADELL i, en conseq\u00fc\u00e8ncia, assumim el comprom\u00eds de garantir la privacitat de l&#8217;usuari a tot moment i de no recaptar informaci\u00f3 innecess\u00e0ria sobre l&#8217;Usuari. A continuaci\u00f3, li proporcionem tota la informaci\u00f3 necess\u00e0ria sobre la nostra Pol\u00edtica de Privacitat en relaci\u00f3 amb les dades [&hellip;]","og_url":"https:\/\/forcadell.com\/ca\/politica-privacitat\/","og_site_name":"Forcadell","article_modified_time":"2025-01-13T12:50:26+00:00","twitter_card":"summary_large_image","twitter_misc":{"Temps estimat de lectura":"5 minuts"},"schema":{"@context":"https:\/\/schema.org","@graph":[{"@type":"WebPage","@id":"https:\/\/forcadell.com\/ca\/politica-privacitat\/","url":"https:\/\/forcadell.com\/ca\/politica-privacitat\/","name":"Pol\u00edtica de privacitat - Forcadell","isPartOf":{"@id":"https:\/\/forcadell.com\/ca\/#website"},"datePublished":"2024-06-29T13:23:19+00:00","dateModified":"2025-01-13T12:50:26+00:00","breadcrumb":{"@id":"https:\/\/forcadell.com\/ca\/politica-privacitat\/#breadcrumb"},"inLanguage":"ca","potentialAction":[{"@type":"ReadAction","target":["https:\/\/forcadell.com\/ca\/politica-privacitat\/"]}]},{"@type":"BreadcrumbList","@id":"https:\/\/forcadell.com\/ca\/politica-privacitat\/#breadcrumb","itemListElement":[{"@type":"ListItem","position":1,"name":"Portada","item":"https:\/\/forcadell.com\/ca\/"},{"@type":"ListItem","position":2,"name":"Pol\u00edtica de privacitat"}]},{"@type":"WebSite","@id":"https:\/\/forcadell.com\/ca\/#website","url":"https:\/\/forcadell.com\/ca\/","name":"Forcadell","description":"Inmobiliaria Barcelona | Consultores inmobiliarios","potentialAction":[{"@type":"SearchAction","target":{"@type":"EntryPoint","urlTemplate":"https:\/\/forcadell.com\/ca\/?s={search_term_string}"},"query-input":{"@type":"PropertyValueSpecification","valueRequired":true,"valueName":"search_term_string"}}],"inLanguage":"ca"}]}},"_links":{"self":[{"href":"https:\/\/forcadell.com\/ca\/wp-json\/wp\/v2\/pages\/20147","targetHints":{"allow":["GET"]}}],"collection":[{"href":"https:\/\/forcadell.com\/ca\/wp-json\/wp\/v2\/pages"}],"about":[{"href":"https:\/\/forcadell.com\/ca\/wp-json\/wp\/v2\/types\/page"}],"author":[{"embeddable":true,"href":"https:\/\/forcadell.com\/ca\/wp-json\/wp\/v2\/users\/17"}],"replies":[{"embeddable":true,"href":"https:\/\/forcadell.com\/ca\/wp-json\/wp\/v2\/comments?post=20147"}],"version-history":[{"count":9,"href":"https:\/\/forcadell.com\/ca\/wp-json\/wp\/v2\/pages\/20147\/revisions"}],"predecessor-version":[{"id":28819,"href":"https:\/\/forcadell.com\/ca\/wp-json\/wp\/v2\/pages\/20147\/revisions\/28819"}],"wp:attachment":[{"href":"https:\/\/forcadell.com\/ca\/wp-json\/wp\/v2\/media?parent=20147"}],"curies":[{"name":"wp","href":"https:\/\/api.w.org\/{rel}","templated":true}]}}