{"id":20145,"date":"2024-06-29T15:23:19","date_gmt":"2024-06-29T13:23:19","guid":{"rendered":"https:\/\/www.forcadell.com\/politica-cookies\/"},"modified":"2026-03-18T14:08:28","modified_gmt":"2026-03-18T12:08:28","slug":"politica-cookies","status":"publish","type":"page","link":"https:\/\/forcadell.com\/ca\/politica-cookies\/","title":{"rendered":"Pol\u00edtica de cookies"},"content":{"rendered":"<div class=\"o-container GenericStyles\">\n<h2 class=\"wp-block-heading\">Pol\u00edtica de cookies<\/h2>\n<\/div>\n\n<div class=\"o-container GenericStyles\">\n<p><strong>QU\u00c8 S\u00d3N LES COOKIES?<\/strong><br>Les cookies s\u00f3n petits fitxers de dades que es reben al terminal des del lloc web visitat i s&#8217;utilitzen per registrar certes interaccions de la navegaci\u00f3 en un lloc web, emmagatzemant dades que podran ser actualitzades i recuperades. Aquests fitxers s&#8217;emmagatzemen a l&#8217;ordinador de l&#8217;usuari i contenen dades an\u00f2nimes que no s\u00f3n perjudicials per al seu equip. S&#8217;utilitzen per recordar les prefer\u00e8ncies de l&#8217;usuari, com ara l&#8217;idioma seleccionat, les dades d&#8217;acc\u00e9s o la personalitzaci\u00f3 de la p\u00e0gina.<\/p>\n<\/div>\n\n<div class=\"o-container GenericStyles\">\n<p>Les cookies tamb\u00e9 poden ser utilitzades per registrar informaci\u00f3 an\u00f2nima sobre com un visitant utilitza un lloc web. Per exemple, des de quina p\u00e0gina hi ha accedit, o si ha utilitzat un banner publicitari per arribar-hi.<\/p>\n<\/div>\n\n<div class=\"o-container GenericStyles\">\n<p><strong>QUIN \u00daS FEM DELS DIFERENTS TIPUS DE COOKIES?<\/strong><\/p>\n<\/div>\n\n<div class=\"o-container GenericStyles\">\n<p><strong>Segons la finalitat:<\/strong><\/p>\n<\/div>\n\n<div class=\"o-container GenericStyles\">\n<ul class=\"wp-block-list\">\n<li><strong>Cookies t\u00e8cniques<\/strong>: Les cookies t\u00e8cniques s\u00f3n aquelles que faciliten la navegaci\u00f3 de l\u2019usuari i l\u2019\u00fas de les diferents opcions o serveis que ofereix la web, com ara identificar la sessi\u00f3, permetre l\u2019acc\u00e9s a determinades \u00e0rees, facilitar comandes, compres, l\u2019emplenament de formularis, inscripcions, seguretat, facilitar funcionalitats (v\u00eddeos, xarxes socials&#8230;).<\/li>\n\n\n\n<li><strong>Cookies de personalitzaci\u00f3<\/strong>: Les cookies de personalitzaci\u00f3 permeten a l\u2019usuari accedir als serveis segons les seves prefer\u00e8ncies (idioma, navegador, configuraci\u00f3&#8230;).<\/li>\n\n\n\n<li><strong>Cookies anal\u00edtiques<\/strong>: Les cookies d\u2019an\u00e0lisi s\u00f3n les que s\u2019utilitzen per dur a terme l\u2019an\u00e0lisi an\u00f2nima del comportament dels usuaris del lloc web i que permeten mesurar l\u2019activitat de l\u2019usuari i elaborar perfils de navegaci\u00f3 amb la finalitat de millorar els llocs web.<\/li>\n\n\n\n<li><strong>Cookies publicit\u00e0ries<\/strong>: Les cookies publicit\u00e0ries permeten la gesti\u00f3 dels espais publicitaris del lloc web. A m\u00e9s, aquestes cookies poden ser de publicitat personalitzada i permetre aix\u00ed la gesti\u00f3 dels espais publicitaris de la web en funci\u00f3 del comportament i dels h\u00e0bits de navegaci\u00f3 de l\u2019usuari, d&#8217;on s\u2019obt\u00e9 el seu perfil, i permeten personalitzar la publicitat que es mostra al navegador de l\u2019usuari o en altres perfils i xarxes socials de l\u2019usuari.<\/li>\n<\/ul>\n<\/div>\n\n<div class=\"o-container GenericStyles\">\n<p><strong>Segons el termini:<\/strong><\/p>\n<\/div>\n\n<div class=\"o-container GenericStyles\">\n<ul class=\"wp-block-list\">\n<li><strong>Cookies de sessi\u00f3<\/strong>: Les cookies de sessi\u00f3 s\u00f3n aquelles que duren el temps que l\u2019usuari est\u00e0 navegant pel lloc web i s\u2019eliminen en tancar el navegador.<\/li>\n\n\n\n<li><strong>Cookies persistents<\/strong>: Aquestes cookies queden emmagatzemades al terminal de l\u2019usuari fins que s\u00f3n eliminades manualment o fins que ha concl\u00f2s el per\u00edode de durada establert per a aquesta cookie.<\/li>\n<\/ul>\n<\/div>\n\n<div class=\"o-container GenericStyles\">\n<p><strong>Segons la titularitat:<\/strong><\/p>\n<\/div>\n\n<div class=\"o-container GenericStyles\">\n<ul class=\"wp-block-list\">\n<li><strong>Cookies pr\u00f2pies<\/strong>: Aquelles que s\u2019envien a l\u2019equip terminal de l\u2019usuari des d\u2019un equip o domini gestionat pel mateix editor i des del qual es presta el servei sol\u00b7licitat per l\u2019usuari.<\/li>\n\n\n\n<li><strong>Cookies de tercers<\/strong>: Aquelles que s\u2019envien a l\u2019equip terminal de l\u2019usuari des d\u2019un equip o domini que no \u00e9s gestionat per l\u2019editor, sin\u00f3 per una altra entitat que tracta les dades obtingudes a trav\u00e9s de les cookies.<\/li>\n<\/ul>\n<\/div>\n\n<div class=\"o-container GenericStyles\">\n<p>La taula seg\u00fcent recull la classificaci\u00f3 i descripci\u00f3 de les cookies utilitzades en el present lloc web perqu\u00e8 les pugui identificar al seu navegador<\/p>\n<\/div>\n\n<div class=\"o-container GenericStyles\">\n<figure class=\"wp-block-table is-style-stripes has-small-font-size\"><table class=\"has-fixed-layout\"><thead><tr><th class=\"has-text-align-left\" data-align=\"left\">Nom<\/th><th class=\"has-text-align-left\" data-align=\"left\">Titular<\/th><th class=\"has-text-align-left\" data-align=\"left\">Dades recollides<\/th><th class=\"has-text-align-left\" data-align=\"left\">Finalitat<\/th><th class=\"has-text-align-left\" data-align=\"left\">Durada<\/th><\/tr><\/thead><tbody><tr><td class=\"has-text-align-left\" data-align=\"left\">_<strong>ga<\/strong><\/td><td class=\"has-text-align-left\" data-align=\"left\">Pr\u00f2pia (.forcadell.com)<\/td><td class=\"has-text-align-left\" data-align=\"left\">Identificador \u00fanic per a medici\u00f3 de visites i usuaris<\/td><td class=\"has-text-align-left\" data-align=\"left\">Anal\u00edtica<\/td><td class=\"has-text-align-left\" data-align=\"left\">770 dies<\/td><\/tr><tr><td class=\"has-text-align-left\" data-align=\"left\"><strong><strong>_ga_[ID]<\/strong><\/strong><\/td><td class=\"has-text-align-left\" data-align=\"left\">Pr\u00f2pia (.forcadell.com)<\/td><td class=\"has-text-align-left\" data-align=\"left\">Identificador intern de Google Analytics 4 per a l\u2019an\u00e0lisi d\u2019\u00fas<\/td><td class=\"has-text-align-left\" data-align=\"left\">Anal\u00edtica<\/td><td class=\"has-text-align-left\" data-align=\"left\">770 dies<\/td><\/tr><tr><td class=\"has-text-align-left\" data-align=\"left\"><strong>_gcl_au<\/strong><\/td><td class=\"has-text-align-left\" data-align=\"left\">Pr\u00f2pia (.forcadell.com)<\/td><td class=\"has-text-align-left\" data-align=\"left\">Identificador de conversi\u00f3 per a Google Ads<\/td><td class=\"has-text-align-left\" data-align=\"left\">Publicit\u00e0ria<\/td><td class=\"has-text-align-left\" data-align=\"left\">90 dies<\/td><\/tr><tr><td class=\"has-text-align-left\" data-align=\"left\"><strong>moove_gdpr_popup<\/strong><\/td><td class=\"has-text-align-left\" data-align=\"left\">Pr\u00f2pia (.forcadell.com)<\/td><td class=\"has-text-align-left\" data-align=\"left\">Prefer\u00e8ncies de l\u2019usuari al banner de cookies<\/td><td class=\"has-text-align-left\" data-align=\"left\">T\u00e8cnica<\/td><td class=\"has-text-align-left\" data-align=\"left\">730 dies<\/td><\/tr><tr><td class=\"has-text-align-left\" data-align=\"left\"><strong>_fbp<\/strong><\/td><td class=\"has-text-align-left\" data-align=\"left\">Pr\u00f2pia (.forcadell.com)<\/td><td class=\"has-text-align-left\" data-align=\"left\">Identificador per al seguiment de campanyes i rendiment publicitari a Facebook\/Instagram<\/td><td class=\"has-text-align-left\" data-align=\"left\">Publicit\u00e0ria<\/td><td class=\"has-text-align-left\" data-align=\"left\">90 dies<\/td><\/tr><tr><td class=\"has-text-align-left\" data-align=\"left\"><strong>wp-wpml_current_language<\/strong><\/td><td class=\"has-text-align-left\" data-align=\"left\">Pr\u00f2pia (.forcadell.com)<\/td><td class=\"has-text-align-left\" data-align=\"left\">Idioma seleccionat per l&#8217;usuari<\/td><td class=\"has-text-align-left\" data-align=\"left\">Personalitzaci\u00f3<\/td><td class=\"has-text-align-left\" data-align=\"left\">Fins a la finalitzaci\u00f3 de la sessi\u00f3 amb el navegador<\/td><\/tr><tr><td class=\"has-text-align-left\" data-align=\"left\"><strong>_ga<\/strong><\/td><td class=\"has-text-align-left\" data-align=\"left\">Pr\u00f2pia (.navelogisticabarcelona.com)<\/td><td class=\"has-text-align-left\" data-align=\"left\">Identificador \u00fanic per a medici\u00f3 d&#8217;usuaris i sessions<\/td><td class=\"has-text-align-left\" data-align=\"left\">Anal\u00edtica<\/td><td class=\"has-text-align-left\" data-align=\"left\">770 dies<\/td><\/tr><tr><td class=\"has-text-align-left\" data-align=\"left\"><strong>_ga_[ID]<\/strong><\/td><td class=\"has-text-align-left\" data-align=\"left\"><br>Pr\u00f2pia (.navelogisticabarcelona.com)<\/td><td class=\"has-text-align-left\" data-align=\"left\">Identificador intern de Google Analytics 4<\/td><td class=\"has-text-align-left\" data-align=\"left\">Anal\u00edtica<\/td><td class=\"has-text-align-left\" data-align=\"left\">770 dies<\/td><\/tr><tr><td class=\"has-text-align-left\" data-align=\"left\"><strong>_gat_UA-[ID]<\/strong><\/td><td class=\"has-text-align-left\" data-align=\"left\"><br>Pr\u00f2pia (.navelogisticabarcelona.com)<\/td><td class=\"has-text-align-left\" data-align=\"left\">Limitaci\u00f3 de l&#8217;enviament de dades a Google Analytics<\/td><td class=\"has-text-align-left\" data-align=\"left\">Anal\u00edtica<\/td><td class=\"has-text-align-left\" data-align=\"left\">1 minut<\/td><\/tr><tr><td class=\"has-text-align-left\" data-align=\"left\"><strong>_gcl_au<\/strong><\/td><td class=\"has-text-align-left\" data-align=\"left\"><br>Pr\u00f2pia (.navelogisticabarcelona.com)<\/td><td class=\"has-text-align-left\" data-align=\"left\">Identificador per a seguiment de conversions Google Ads<\/td><td class=\"has-text-align-left\" data-align=\"left\">Publicit\u00e0ria<\/td><td class=\"has-text-align-left\" data-align=\"left\">90 dies<\/td><\/tr><tr><td class=\"has-text-align-left\" data-align=\"left\"><strong>_gid<\/strong><\/td><td class=\"has-text-align-left\" data-align=\"left\"><br>Pr\u00f2pia (.navelogisticabarcelona.com)<\/td><td class=\"has-text-align-left\" data-align=\"left\">Identificador per distingir usuaris<\/td><td class=\"has-text-align-left\" data-align=\"left\">Anal\u00edtica<\/td><td class=\"has-text-align-left\" data-align=\"left\">1 dia<\/td><\/tr><tr><td class=\"has-text-align-left\" data-align=\"left\"><strong>nave_logistica_barcelona_session<\/strong><\/td><td class=\"has-text-align-left\" data-align=\"left\"><br>Pr\u00f2pia (.navelogisticabarcelona.com)<\/td><td class=\"has-text-align-left\" data-align=\"left\">Identificador de sessi\u00f3 d&#8217;usuari<\/td><td class=\"has-text-align-left\" data-align=\"left\">T\u00e8cnica<\/td><td class=\"has-text-align-left\" data-align=\"left\">2 hores<\/td><\/tr><tr><td class=\"has-text-align-left\" data-align=\"left\"><strong>XSRF-TOKEN<\/strong><\/td><td class=\"has-text-align-left\" data-align=\"left\"><br>Pr\u00f2pia (.navelogisticabarcelona.com)<\/td><td class=\"has-text-align-left\" data-align=\"left\">Token de protecci\u00f3 contra atacs CSRF<\/td><td class=\"has-text-align-left\" data-align=\"left\">T\u00e8cnica<\/td><td class=\"has-text-align-left\" data-align=\"left\">2 hores<\/td><\/tr><tr><td class=\"has-text-align-left\" data-align=\"left\"><strong>_ga<\/strong><\/td><td class=\"has-text-align-left\" data-align=\"left\">Pr\u00f2pia (.navelogisticamadrid.com)<\/td><td class=\"has-text-align-left\" data-align=\"left\">Identificador \u00fanic per a medici\u00f3 d&#8217;usuaris i sessions<\/td><td class=\"has-text-align-left\" data-align=\"left\">Anal\u00edtica<\/td><td class=\"has-text-align-left\" data-align=\"left\">770 dies<\/td><\/tr><tr><td class=\"has-text-align-left\" data-align=\"left\"><strong>_ga_[ID]<\/strong><\/td><td class=\"has-text-align-left\" data-align=\"left\">Pr\u00f2pia (.navelogisticamadrid.com)<\/td><td class=\"has-text-align-left\" data-align=\"left\">Identificador intern de Google Analytics 4<\/td><td class=\"has-text-align-left\" data-align=\"left\">Anal\u00edtica<\/td><td class=\"has-text-align-left\" data-align=\"left\">770 dies<\/td><\/tr><tr><td class=\"has-text-align-left\" data-align=\"left\"><strong>_gat_UA-[ID]<\/strong><\/td><td class=\"has-text-align-left\" data-align=\"left\">Pr\u00f2pia (.navelogisticamadrid.com)<\/td><td class=\"has-text-align-left\" data-align=\"left\">Limitaci\u00f3 de l&#8217;enviament de dades a Google Analytics<\/td><td class=\"has-text-align-left\" data-align=\"left\">Anal\u00edtica<\/td><td class=\"has-text-align-left\" data-align=\"left\">1 minut<\/td><\/tr><tr><td class=\"has-text-align-left\" data-align=\"left\"><strong>_gcl_au<\/strong><\/td><td class=\"has-text-align-left\" data-align=\"left\">Pr\u00f2pia (.navelogisticamadrid.com)<\/td><td class=\"has-text-align-left\" data-align=\"left\">Identificador per a seguiment de conversions Google Ads<\/td><td class=\"has-text-align-left\" data-align=\"left\">Publicit\u00e0ria<\/td><td class=\"has-text-align-left\" data-align=\"left\">90 dies<\/td><\/tr><tr><td class=\"has-text-align-left\" data-align=\"left\"><strong>_gid<\/strong><\/td><td class=\"has-text-align-left\" data-align=\"left\">Pr\u00f2pia (.navelogisticamadrid.com)<\/td><td class=\"has-text-align-left\" data-align=\"left\">Identificador per distingir usuaris<\/td><td class=\"has-text-align-left\" data-align=\"left\">Anal\u00edtica<\/td><td class=\"has-text-align-left\" data-align=\"left\">1 dia<\/td><\/tr><tr><td class=\"has-text-align-left\" data-align=\"left\"><strong>nave_logistica_madrid_session<\/strong><\/td><td class=\"has-text-align-left\" data-align=\"left\">Pr\u00f2pia (.navelogisticamadrid.com)<\/td><td class=\"has-text-align-left\" data-align=\"left\">Identificador de sessi\u00f3 d&#8217;usuari<\/td><td class=\"has-text-align-left\" data-align=\"left\">T\u00e8cnica<\/td><td class=\"has-text-align-left\" data-align=\"left\">2 hores<\/td><\/tr><tr><td class=\"has-text-align-left\" data-align=\"left\"><strong>test_cookie<\/strong><\/td><td class=\"has-text-align-left\" data-align=\"left\">De tercers (.doubleclick.net)<\/td><td class=\"has-text-align-left\" data-align=\"left\">Comprovaci\u00f3 de si el navegador accepta cookies<\/td><td class=\"has-text-align-left\" data-align=\"left\">Publicit\u00e0ria<\/td><td class=\"has-text-align-left\" data-align=\"left\">1 minut<\/td><\/tr><tr><td class=\"has-text-align-left\" data-align=\"left\"><strong>IDE<\/strong><\/td><td class=\"has-text-align-left\" data-align=\"left\">De tercers (.doubleclick.net)<\/td><td class=\"has-text-align-left\" data-align=\"left\">Identificador publicitari per personalitzar anuncis i mesurar endiment<\/td><td class=\"has-text-align-left\" data-align=\"left\">Publicit\u00e0ria<\/td><td class=\"has-text-align-left\" data-align=\"left\">755 dies<\/td><\/tr><\/tbody><\/table><\/figure>\n<\/div>\n\n<div class=\"o-container GenericStyles\">\n<p>FORCADELL utilitza cookies t\u00e8cniques, de personalitzaci\u00f3, anal\u00edtiques i publicit\u00e0ries, pr\u00f2pies i de tercers, que tracten dades de connexi\u00f3 i\/o del dispositiu, aix\u00ed com h\u00e0bits de navegaci\u00f3 amb finalitats estad\u00edstiques i publicit\u00e0ries. Per aix\u00f2, en accedir al nostre lloc web, en compliment de l\u2019article 22 de la Llei de Serveis de la Societat de la Informaci\u00f3, li hem sol\u00b7licitat el seu consentiment per al seu \u00fas.<\/p>\n<\/div>\n\n<div class=\"o-container GenericStyles\">\n<p>El subministrament de dades personals a trav\u00e9s del nostre portal i el consentiment per a l\u2019\u00fas de cookies requereixen una edat m\u00ednima de 14 anys i l\u2019acceptaci\u00f3 expressa de la nostra <a href=\"https:\/\/forcadell.com\/ca\/politica-privacitat\/\" target=\"_blank\" rel=\"noreferrer noopener\">Pol\u00edtica de privacitat<\/a>.<\/p>\n<\/div>\n\n<div class=\"o-container GenericStyles\">\n<p>En qualsevol cas, l\u2019informem que pot activar o desactivar les cookies seguint les instruccions del seu navegador d\u2019Internet:<\/p>\n<\/div>\n\n<div class=\"o-container GenericStyles\">\n<figure class=\"wp-block-table is-style-stripes has-small-font-size\"><table class=\"has-fixed-layout\"><tbody><tr><td><strong>Chrome<\/strong><\/td><td>Configuraci\u00f3 &gt; Mostrar opcions avan\u00e7ades &gt; Privadesa &gt; Configuraci\u00f3 de contingut<\/td><td class=\"has-text-align-center\" data-align=\"center\"><a href=\"https:\/\/support.google.com\/\" target=\"_blank\" rel=\"noreferrer noopener\">https:\/\/support.google.com\/<\/a><\/td><\/tr><tr><td><strong>Firefox<\/strong><\/td><td>Eines &gt; Opcions &gt; Privadesa &gt; Historial &gt; Configuraci\u00f3 personalitzada<\/td><td class=\"has-text-align-center\" data-align=\"center\"><a href=\"https:\/\/support.mozilla.org\/\" target=\"_blank\" rel=\"noreferrer noopener\">https:\/\/support.mozilla.org\/<\/a><\/td><\/tr><tr><td><strong>Internet Explorer<\/strong><\/td><td>Eines &gt; Opcions d&#8217;Internet &gt; Privadesa &gt; Configuraci\u00f3<\/td><td class=\"has-text-align-center\" data-align=\"center\"><a href=\"https:\/\/windows.microsoft.com\" target=\"_blank\" rel=\"noreferrer noopener\">https:\/\/windows.microsoft.com<\/a><\/td><\/tr><tr><td><strong>Opera<\/strong><\/td><td>Eines &gt; Prefer\u00e8ncies &gt; Editar prefer\u00e8ncies &gt; Cookies<\/td><td class=\"has-text-align-center\" data-align=\"center\"><a href=\"https:\/\/www.opera.com\/help\/tutorials\/security\/cookies\/\" target=\"_blank\" rel=\"noreferrer noopener\">https:\/\/www.opera.com\/help\/tutorials\/security\/cookies\/<\/a><\/td><\/tr><tr><td><strong>Safari<\/strong><\/td><td>Prefer\u00e8ncies &gt; Seguretat<\/td><td class=\"has-text-align-center\" data-align=\"center\"><a href=\"https:\/\/www.apple.com\" target=\"_blank\" rel=\"noreferrer noopener\">https:\/\/www.apple.com<\/a><\/td><\/tr><tr><td><strong>Edge<\/strong><\/td><td>Configuraci\u00f3 &gt; Veure configuraci\u00f3 avan\u00e7ada &gt; Privadesa i serveis &gt; Cookies<\/td><td class=\"has-text-align-center\" data-align=\"center\"><a href=\"https:\/\/privacy.microsoft.com\/es-es\/windows-10-microsoft-edge-and-privacy\" target=\"_blank\" rel=\"noreferrer noopener\">https:\/\/privacy.microsoft.com\/es-es\/windows-10-microsoft-edge-and-privacy<\/a><\/td><\/tr><\/tbody><\/table><\/figure>\n<\/div>","protected":false},"excerpt":{"rendered":"<p>Pol\u00edtica de cookies QU\u00c8 S\u00d3N LES COOKIES?Les cookies s\u00f3n petits fitxers de dades que es reben al terminal des del lloc web visitat i s&#8217;utilitzen per registrar certes interaccions de la navegaci\u00f3 en un lloc web, emmagatzemant dades que podran ser actualitzades i recuperades. Aquests fitxers s&#8217;emmagatzemen a l&#8217;ordinador de l&#8217;usuari i contenen dades an\u00f2nimes [&hellip;]<\/p>\n","protected":false},"author":17,"featured_media":0,"parent":0,"menu_order":0,"comment_status":"closed","ping_status":"closed","template":"layouts\/template-fit-content.php","meta":{"_acf_changed":false,"footnotes":""},"class_list":["post-20145","page","type-page","status-publish","hentry"],"acf":[],"yoast_head":"<!-- This site is optimized with the Yoast SEO plugin v25.6 - https:\/\/yoast.com\/wordpress\/plugins\/seo\/ -->\n<title>Pol\u00edtica de cookies | FORCADELL<\/title>\n<meta name=\"robots\" content=\"index, follow, max-snippet:-1, max-image-preview:large, max-video-preview:-1\" \/>\n<link rel=\"canonical\" href=\"https:\/\/forcadell.com\/ca\/politica-cookies\/\" \/>\n<meta property=\"og:locale\" content=\"ca_ES\" \/>\n<meta property=\"og:type\" content=\"article\" \/>\n<meta property=\"og:title\" content=\"Pol\u00edtica de cookies | FORCADELL\" \/>\n<meta property=\"og:description\" content=\"Pol\u00edtica de cookies QU\u00c8 S\u00d3N LES COOKIES?Les cookies s\u00f3n petits fitxers de dades que es reben al terminal des del lloc web visitat i s&#8217;utilitzen per registrar certes interaccions de la navegaci\u00f3 en un lloc web, emmagatzemant dades que podran ser actualitzades i recuperades. Aquests fitxers s&#8217;emmagatzemen a l&#8217;ordinador de l&#8217;usuari i contenen dades an\u00f2nimes [&hellip;]\" \/>\n<meta property=\"og:url\" content=\"https:\/\/forcadell.com\/ca\/politica-cookies\/\" \/>\n<meta property=\"og:site_name\" content=\"Forcadell\" \/>\n<meta property=\"article:modified_time\" content=\"2026-03-18T12:08:28+00:00\" \/>\n<meta name=\"twitter:card\" content=\"summary_large_image\" \/>\n<meta name=\"twitter:label1\" content=\"Temps estimat de lectura\" \/>\n\t<meta name=\"twitter:data1\" content=\"5 minuts\" \/>\n<!-- \/ Yoast SEO plugin. -->","yoast_head_json":{"title":"Pol\u00edtica de cookies | FORCADELL","robots":{"index":"index","follow":"follow","max-snippet":"max-snippet:-1","max-image-preview":"max-image-preview:large","max-video-preview":"max-video-preview:-1"},"canonical":"https:\/\/forcadell.com\/ca\/politica-cookies\/","og_locale":"ca_ES","og_type":"article","og_title":"Pol\u00edtica de cookies | FORCADELL","og_description":"Pol\u00edtica de cookies QU\u00c8 S\u00d3N LES COOKIES?Les cookies s\u00f3n petits fitxers de dades que es reben al terminal des del lloc web visitat i s&#8217;utilitzen per registrar certes interaccions de la navegaci\u00f3 en un lloc web, emmagatzemant dades que podran ser actualitzades i recuperades. Aquests fitxers s&#8217;emmagatzemen a l&#8217;ordinador de l&#8217;usuari i contenen dades an\u00f2nimes [&hellip;]","og_url":"https:\/\/forcadell.com\/ca\/politica-cookies\/","og_site_name":"Forcadell","article_modified_time":"2026-03-18T12:08:28+00:00","twitter_card":"summary_large_image","twitter_misc":{"Temps estimat de lectura":"5 minuts"},"schema":{"@context":"https:\/\/schema.org","@graph":[{"@type":"WebPage","@id":"https:\/\/forcadell.com\/ca\/politica-cookies\/","url":"https:\/\/forcadell.com\/ca\/politica-cookies\/","name":"Pol\u00edtica de cookies | FORCADELL","isPartOf":{"@id":"https:\/\/forcadell.com\/ca\/#website"},"datePublished":"2024-06-29T13:23:19+00:00","dateModified":"2026-03-18T12:08:28+00:00","breadcrumb":{"@id":"https:\/\/forcadell.com\/ca\/politica-cookies\/#breadcrumb"},"inLanguage":"ca","potentialAction":[{"@type":"ReadAction","target":["https:\/\/forcadell.com\/ca\/politica-cookies\/"]}]},{"@type":"BreadcrumbList","@id":"https:\/\/forcadell.com\/ca\/politica-cookies\/#breadcrumb","itemListElement":[{"@type":"ListItem","position":1,"name":"Portada","item":"https:\/\/forcadell.com\/ca\/"},{"@type":"ListItem","position":2,"name":"Pol\u00edtica de cookies"}]},{"@type":"WebSite","@id":"https:\/\/forcadell.com\/ca\/#website","url":"https:\/\/forcadell.com\/ca\/","name":"Forcadell","description":"Inmobiliaria Barcelona | Consultores inmobiliarios","potentialAction":[{"@type":"SearchAction","target":{"@type":"EntryPoint","urlTemplate":"https:\/\/forcadell.com\/ca\/?s={search_term_string}"},"query-input":{"@type":"PropertyValueSpecification","valueRequired":true,"valueName":"search_term_string"}}],"inLanguage":"ca"}]}},"_links":{"self":[{"href":"https:\/\/forcadell.com\/ca\/wp-json\/wp\/v2\/pages\/20145","targetHints":{"allow":["GET"]}}],"collection":[{"href":"https:\/\/forcadell.com\/ca\/wp-json\/wp\/v2\/pages"}],"about":[{"href":"https:\/\/forcadell.com\/ca\/wp-json\/wp\/v2\/types\/page"}],"author":[{"embeddable":true,"href":"https:\/\/forcadell.com\/ca\/wp-json\/wp\/v2\/users\/17"}],"replies":[{"embeddable":true,"href":"https:\/\/forcadell.com\/ca\/wp-json\/wp\/v2\/comments?post=20145"}],"version-history":[{"count":17,"href":"https:\/\/forcadell.com\/ca\/wp-json\/wp\/v2\/pages\/20145\/revisions"}],"predecessor-version":[{"id":63275,"href":"https:\/\/forcadell.com\/ca\/wp-json\/wp\/v2\/pages\/20145\/revisions\/63275"}],"wp:attachment":[{"href":"https:\/\/forcadell.com\/ca\/wp-json\/wp\/v2\/media?parent=20145"}],"curies":[{"name":"wp","href":"https:\/\/api.w.org\/{rel}","templated":true}]}}