{"id":20134,"date":"2024-06-29T15:23:19","date_gmt":"2024-06-29T13:23:19","guid":{"rendered":"https:\/\/www.forcadell.com\/legales\/"},"modified":"2026-04-02T10:59:51","modified_gmt":"2026-04-02T08:59:51","slug":"avis-legal","status":"publish","type":"page","link":"https:\/\/forcadell.com\/ca\/avis-legal\/","title":{"rendered":"Av\u00eds legal"},"content":{"rendered":"<div class=\"o-container GenericStyles\">\n<h1 class=\"wp-block-heading\">Av\u00eds legal<\/h1>\n<\/div>\n\n<div class=\"o-container GenericStyles\">\n<p>Aquesta p\u00e0gina web \u00e9s propietat de FORCADELL, que compr\u00e8n les seg\u00fcents empreses: <br>&#8211; FORCADELL CORPORACIO IMMOBILIARIA, S.L., amb NIF B60358926 i domicili a Pl. Universitat, 3, 08007 (Barcelona), i inscrita al Registre Mercantil de Barcelona al Tom 26.365, Foli 28, Full B-103149. <br>&#8211; FINCAS FORCADELL, S.L.U., amb NIF B60027182 i domicili a Pl. Universitat, 3, 08007 (Barcelona), i inscrita al Registre Mercantil de Barcelona al Tom 24.374, Foli 128, Full B-68801. <br>&#8211; SEGUR FOR TEAM CORREDURIA DE SEGUROS, S.L., amb NIF B63366975 i domicili a Pl. Universitat, 3, 08007 (Barcelona), i inscrita al Registre Mercantil de Barcelona al Tom 36.157, Foli 70, Full B-279065. <br>&#8211; PROMOTORA INMOBILIARIA FORVI, S.A., amb NIF A58599648 i domicili a Pl. Universitat, 3, 08007 (Barcelona), i inscrita al Registre Mercantil de Barcelona al Tom 10.148, Foli 162, Full B-118732.<\/p>\n<\/div>\n\n<div class=\"o-container GenericStyles\">\n<p>Per a qualsevol consulta o proposta, contacti&#8217;ns al tel\u00e8fon 934 965 400, a l&#8217;email&nbsp;<a href=\"mailto:info@forcadell.com\">info@forcadell.com<\/a>,&nbsp;o amb el Delegat de Protecci\u00f3 de Dades a&nbsp;<a href=\"mailto:forcadell@delegado-datos.com\">forcadell@delegado-datos.com<\/a>.<\/p>\n<\/div>\n\n<div class=\"o-container GenericStyles\">\n<p>Aquesta p\u00e0gina web es regeix per la normativa exclusivament aplicable a Espanya, quedant sotmesa a ella, tant nacionals com estrangers que utilitzin aquesta web.<\/p>\n<\/div>\n\n<div class=\"o-container GenericStyles\">\n<p>L&#8217;acc\u00e9s a la nostra p\u00e0gina web per part de l&#8217;USUARI \u00e9s gratu\u00eft i est\u00e0 condicionat a la pr\u00e8via lectura i acceptaci\u00f3 integra, expressa i sense reserves de les presents CONDICIONS GENERALS D&#8217;\u00daS vigents al moment de l&#8217;acc\u00e9s, que preguem llegeixi detingudament. L&#8217;USUARI, en el moment que utilitza el nostre portal, els seus continguts o serveis, accepta i es sotmet expressament a les Condicions Generals d&#8217;\u00das del mateix. Si l&#8217;usuari no estigu\u00e9s d&#8217;acord amb les presents condicions, haur\u00e0 d&#8217;abstenir-se d&#8217;utilitzar aquest portal i operar per mitj\u00e0 del mateix.<\/p>\n<\/div>\n\n<div class=\"o-container GenericStyles\">\n<p>El subministrament de dades personals a trav\u00e9s del nostre portal requereix una edat m\u00ednima de 14 anys, o si escau, disposar de capacitat jur\u00eddica suficient per contractar.<\/p>\n<\/div>\n\n<div class=\"o-container GenericStyles\">\n<p>A qualsevol moment podrem modificar la presentaci\u00f3 i configuraci\u00f3 de la nostra web, ampliar o reduir serveis, i fins i tot suprimir-la de la Xarxa, aix\u00ed com els serveis i continguts prestats, tot aix\u00f2 de forma unilateral i sense previ av\u00eds.<\/p>\n<\/div>\n\n<div class=\"o-container GenericStyles\">\n<p><strong>A. PROPIETAT INTEL\u00b7LECTUAL<\/strong><\/p>\n<\/div>\n\n<div class=\"o-container GenericStyles\">\n<p>Tots els continguts, textos, imatges, i codis font s\u00f3n propietat de FORCADELL o de tercers dels quals s&#8217;han adquirit els seus drets d&#8217;explotaci\u00f3, i estan protegits pels drets de Propietat Intel\u00b7lectual i Industrial.<\/p>\n<\/div>\n\n<div class=\"o-container GenericStyles\">\n<p>L&#8217;usuari \u00fanicament t\u00e9 dret a un \u00fas privat dels mateixos, sense \u00e0nim de lucre, i necessita autoritzaci\u00f3 expressa per modificar-los, reproduir-los, explotar-los, distribuir-los o qualsevol dret pertanyent al seu titular.<\/p>\n<\/div>\n\n<div class=\"o-container GenericStyles\">\n<p>FORCADELL \u00e9s una marca registrada, i est\u00e0 prohibida la seva reproducci\u00f3, imitaci\u00f3, utilitzaci\u00f3 o inserci\u00f3 sense la nostra deguda autoritzaci\u00f3.<\/p>\n<\/div>\n\n<div class=\"o-container GenericStyles\">\n<p>L&#8217;establiment d&#8217;enlla\u00e7os al nostre portal no confereix cap dret sobre el mateix. Aix\u00ed mateix, el simple fet d&#8217;establir un enlla\u00e7 a la nostra p\u00e0gina web no dona dret a atorgar-se la categoria de col\u00b7laborador o soci.<\/p>\n<\/div>\n\n<div class=\"o-container GenericStyles\">\n<p>FORCADELL queda exonerat de responsabilitat per qualsevol reclamaci\u00f3 respecte als drets de propietat intel\u00b7lectual dels articles i imatges publicades per tercers al seu portal.<\/p>\n<\/div>\n\n<div class=\"o-container GenericStyles\">\n<p>Est\u00e0 absolutament prohibida la imitaci\u00f3 ja sigui total o parcial del nostre portal.<\/p>\n<\/div>\n\n<div class=\"o-container GenericStyles\">\n<p><strong>B. CONDICIONS D&#8217;ACC\u00c9S I \u00daS<\/strong><\/p>\n<\/div>\n\n<div class=\"o-container GenericStyles\">\n<p>L&#8217;acc\u00e9s a la nostra p\u00e0gina web \u00e9s gratu\u00eft i no exigeix pr\u00e8via subscripci\u00f3 o registre. No obstant aix\u00f2, determinats serveis requereixen haver realitzat un proc\u00e9s de registre i la identificaci\u00f3 mitjan\u00e7ant contrasenyes. Aquests serveis quedaran degudament identificats a la web.<\/p>\n<\/div>\n\n<div class=\"o-container GenericStyles\">\n<p>L&#8217;enviament de dades personals implica l&#8217;acceptaci\u00f3 expressa per part de l&#8217;USUARI de la nostra pol\u00edtica de privacitat.<\/p>\n<\/div>\n\n<div class=\"o-container GenericStyles\">\n<p>L&#8217;usuari ha d&#8217;accedir a la nostra p\u00e0gina web conforme a la bona fe i les normes d&#8217;ordre p\u00fablic a les presents Condicions Generals d&#8217;\u00das. L&#8217;acc\u00e9s al nostre lloc web es realitza sota la pr\u00f2pia i exclusiva responsabilitat de l&#8217;usuari, que respondr\u00e0 en tot cas dels danys i perjudicis que pugui causar a tercers o a nosaltres mateixos.<\/p>\n<\/div>\n\n<div class=\"o-container GenericStyles\">\n<p>L&#8217;usuari t\u00e9 expressament prohibit la utilitzaci\u00f3 i obtenci\u00f3 dels serveis i continguts oferts a la present p\u00e0gina web, per procediments diferents als estipulats en les presents condicions d&#8217;\u00fas.<\/p>\n<\/div>\n\n<div class=\"o-container GenericStyles\">\n<p>L&#8217;USUARI t\u00e9 prohibit qualsevol tipus d&#8217;acci\u00f3 sobre el nostre portal que origini una excessiva sobrec\u00e0rrega de funcionament als nostres sistemes inform\u00e0tics, aix\u00ed com la introducci\u00f3 de virus, o instal\u00b7laci\u00f3 de robots, o programari que alteri el normal funcionament de la nostra web. En definitiva, qualsevol tipus d\u2019acci\u00f3 que pugui causar danys als nostres sistemes inform\u00e0tics.<\/p>\n<\/div>\n\n<div class=\"o-container GenericStyles\">\n<p>Tenint en compte la impossibilitat de control respecte a la informaci\u00f3, continguts i serveis que continguin altres websites a les quals es pugui accedir a trav\u00e9s dels enlla\u00e7os que la nostra p\u00e0gina web pugui posar a la seva disposici\u00f3, li comuniquem que FORCADELL queda eximida de qualsevol responsabilitat pels danys i perjudicis de tota classe que poguessin derivar per la utilitzaci\u00f3 d&#8217;aquestes p\u00e0gines web alienes a la nostra empresa per part de l&#8217;usuari.<\/p>\n<\/div>\n\n<div class=\"o-container GenericStyles\">\n<p>FORCADELL es reserva el dret unilateral i sense preav\u00eds de donar de baixa a qualsevol USUARI que l&#8217;organitzaci\u00f3 entengui que ha vulnerat les condicions que regeixen l&#8217;\u00fas de la nostra p\u00e0gina web, sense que l&#8217;USUARI tingui dret a reclamaci\u00f3 de cap tipus per aquestes accions. Aix\u00ed mateix, es reserva el dret d&#8217;exercitar les accions legals oportunes contra aquells que vulnerin les presents Condicions Generals d&#8217;\u00das, acceptant l&#8217;USUARI que la no iniciaci\u00f3 d&#8217;aquestes accions no constitueix una ren\u00fancia formal a les mateixes, romanent aquestes vigents fins als terminis legals de prescripci\u00f3 de les infraccions.<\/p>\n<\/div>\n\n<div class=\"o-container GenericStyles\">\n<p><strong>C. POL\u00cdTICA DE PRIVACITAT<\/strong><\/p>\n<\/div>\n\n<div class=\"o-container GenericStyles\">\n<p>La confidencialitat i la seguretat s\u00f3n valors primordials de FORCADELL i, en conseq\u00fc\u00e8ncia, assumim el comprom\u00eds de garantir la privadesa de l&#8217;Usuari a tot moment i de no recaptar informaci\u00f3 innecess\u00e0ria.<\/p>\n<\/div>\n\n<div class=\"o-container GenericStyles\">\n<p>El subministrament de dades personals a trav\u00e9s del nostre portal requereix una edat m\u00ednima de 14 anys i l&#8217;acceptaci\u00f3 expressa de la nostra&nbsp;<a href=\"https:\/\/forcadell.com\/ca\/politica-privacitat\/\" target=\"_blank\" rel=\"noreferrer noopener\">Pol\u00edtica de privacitat<\/a>.<\/p>\n<\/div>\n\n<div class=\"o-container GenericStyles\">\n<p><strong>D. RESPONSABILITATS<\/strong><\/p>\n<\/div>\n\n<div class=\"o-container GenericStyles\">\n<p>En posar a la disposici\u00f3 de l&#8217;usuari aquesta p\u00e0gina web volem oferir-li un servei de qualitat, utilitzant la m\u00e0xima dilig\u00e8ncia en la prestaci\u00f3 del mateix aix\u00ed com en els mitjans tecnol\u00f2gics utilitzats. No obstant aix\u00f2, no respondrem de la pres\u00e8ncia de virus i altres elements que d&#8217;alguna manera puguin danyar el sistema inform\u00e0tic de l&#8217;usuari.<\/p>\n<\/div>\n\n<div class=\"o-container GenericStyles\">\n<p>FORCADELL no garanteix que la disponibilitat del servei sigui cont\u00ednua i ininterrompuda, per circumst\u00e0ncies originades per problemes a la xarxa d&#8217;Internet, avaries en els dispositius inform\u00e0tics o altres circumst\u00e0ncies imprevisibles, de manera que l&#8217;USUARI accepta suportar dins d&#8217;uns l\u00edmits raonables aquestes circumst\u00e0ncies, per la qual cosa renuncia expressament a reclamar a FORCADELL qualsevol responsabilitat per les possibles fallades, errors i \u00fas del servei.<\/p>\n<\/div>\n\n<div class=\"o-container GenericStyles\">\n<p>L&#8217;usuari assumeix tota la responsabilitat derivada de l&#8217;\u00fas de la nostra p\u00e0gina web, sent l&#8217;\u00fanic responsable de tot efecte directe o indirecte que sobre la p\u00e0gina web es derivi, incloent, de forma enunciativa i no limitativa, tot resultat econ\u00f2mic, t\u00e8cnic i\/o jur\u00eddic advers, aix\u00ed com la defraudaci\u00f3 de les expectatives generades pel nostre portal, obligant-se l&#8217;usuari a mantenir indemne a FORCADELL per qualssevol reclamacions derivades, directa o indirectament de tals fets.<\/p>\n<\/div>\n\n<div class=\"o-container GenericStyles\">\n<p>FORCADELL no garanteix l&#8217;exactitud, veracitat i vig\u00e8ncia dels continguts d&#8217;aquesta p\u00e0gina web, ja siguin propis, de tercers, o enlla\u00e7ables a altres webs, quedant totalment exonerada de qualsevol responsabilitat derivada de l&#8217;\u00fas d&#8217;aquests.<\/p>\n<\/div>\n\n<div class=\"o-container GenericStyles\">\n<p>FORCADELL queda exonerat de qualsevol responsabilitat derivada de qualsevol reclamaci\u00f3, incl\u00f2s el pagament d&#8217;honoraris a advocats, per les demandes i reclamacions originades per tercers per l&#8217;incompliment per part de l&#8217;USUARI de les nostres condicions d&#8217;\u00fas, acc\u00e9s i pol\u00edtica de privadesa, o qualsevol altra reclamaci\u00f3 per l&#8217;incompliment de la legislaci\u00f3 vigent.<\/p>\n<\/div>\n\n<div class=\"o-container GenericStyles\">\n<p>L&#8217;USUARI reconeix que ha ent\u00e8s tota la informaci\u00f3 respecte a les condicions d&#8217;\u00fas del nostre portal, i reconeix que s\u00f3n suficients per a l&#8217;exclusi\u00f3 de l&#8217;error en aquestes, i per tant, les accepta \u00edntegra i expressament.<\/p>\n<\/div>\n\n<div class=\"o-container GenericStyles\">\n<p>L&#8217;USUARI \u00e9s plenament conscient que la mera navegaci\u00f3 per la present p\u00e0gina web, aix\u00ed com la utilitzaci\u00f3 dels seus serveis, implica l&#8217;acceptaci\u00f3 de les presents condicions d&#8217;\u00fas.<\/p>\n<\/div>\n\n<div class=\"o-container GenericStyles\">\n<p>Tot el referent a la nostra p\u00e0gina web, es regeix exclusivament per les lleis espanyoles. En el cas que es produeixi qualsevol tipus de discrep\u00e0ncia o difer\u00e8ncia entre les parts en relaci\u00f3 amb la interpretaci\u00f3 i contingut de la present p\u00e0gina web, totes les parts se sotmeten, amb ren\u00fancia expressa a qualsevol altre fur, als Jutjats i Tribunals de Barcelona.<\/p>\n<\/div>\n\n<div class=\"o-container GenericStyles\">\n<p><strong>E. VIG\u00c8NCIA DE LES CONDICIONS GENERALS D&#8217;ACC\u00c9S A LA WEB<\/strong><\/p>\n<\/div>\n\n<div class=\"o-container GenericStyles\">\n<p>Les presents Condicions Generals d&#8217;\u00das han estat modificades amb data 12\/02\/2026. En qualsevol moment podem procedir a la seva modificaci\u00f3. Pot comprovar la data d&#8217;emissi\u00f3 en cada ocasi\u00f3 en qu\u00e8 es connecti a la nostra p\u00e0gina web i aix\u00ed tindr\u00e0 la certesa que no s&#8217;ha produ\u00eft modificaci\u00f3 alguna que l&#8217;afecti.<\/p>\n<\/div>\n\n<div class=\"o-container GenericStyles\">\n<p>Per a qualsevol q\u00fcesti\u00f3 respecte a les condicions d&#8217;\u00fas de la nostra p\u00e0gina web, pot posar-se en contacte amb nosaltres amb les dades a dalt indicades, o amb Lant Advocats a l&#8217;email <a href=\"mailto:info@lant-advocats.com\">info@lant-advocats.com<\/a> o a&nbsp;<a href=\"https:\/\/www.lant-abogados.com\/\" target=\"_blank\" rel=\"noreferrer noopener\">www.lant-abogados.com<\/a>.<\/p>\n<\/div>\n\n<div class=\"o-container GenericStyles\">\n<p><\/p>\n<\/div>","protected":false},"excerpt":{"rendered":"<p>Av\u00eds legal Aquesta p\u00e0gina web \u00e9s propietat de FORCADELL, que compr\u00e8n les seg\u00fcents empreses: &#8211; FORCADELL CORPORACIO IMMOBILIARIA, S.L., amb NIF B60358926 i domicili a Pl. Universitat, 3, 08007 (Barcelona), i inscrita al Registre Mercantil de Barcelona al Tom 26.365, Foli 28, Full B-103149. &#8211; FINCAS FORCADELL, S.L.U., amb NIF B60027182 i domicili a Pl. [&hellip;]<\/p>\n","protected":false},"author":17,"featured_media":0,"parent":0,"menu_order":0,"comment_status":"closed","ping_status":"closed","template":"layouts\/template-fit-content.php","meta":{"_acf_changed":false,"footnotes":""},"class_list":["post-20134","page","type-page","status-publish","hentry"],"acf":[],"yoast_head":"<!-- This site is optimized with the Yoast SEO plugin v25.6 - https:\/\/yoast.com\/wordpress\/plugins\/seo\/ -->\n<title>Av\u00eds legal | FORCADELL<\/title>\n<meta name=\"robots\" content=\"index, follow, max-snippet:-1, max-image-preview:large, max-video-preview:-1\" \/>\n<link rel=\"canonical\" href=\"https:\/\/forcadell.com\/ca\/avis-legal\/\" \/>\n<meta property=\"og:locale\" content=\"ca_ES\" \/>\n<meta property=\"og:type\" content=\"article\" \/>\n<meta property=\"og:title\" content=\"Av\u00eds legal | FORCADELL\" \/>\n<meta property=\"og:description\" content=\"Av\u00eds legal Aquesta p\u00e0gina web \u00e9s propietat de FORCADELL, que compr\u00e8n les seg\u00fcents empreses: &#8211; FORCADELL CORPORACIO IMMOBILIARIA, S.L., amb NIF B60358926 i domicili a Pl. Universitat, 3, 08007 (Barcelona), i inscrita al Registre Mercantil de Barcelona al Tom 26.365, Foli 28, Full B-103149. &#8211; FINCAS FORCADELL, S.L.U., amb NIF B60027182 i domicili a Pl. [&hellip;]\" \/>\n<meta property=\"og:url\" content=\"https:\/\/forcadell.com\/ca\/avis-legal\/\" \/>\n<meta property=\"og:site_name\" content=\"Forcadell\" \/>\n<meta property=\"article:modified_time\" content=\"2026-04-02T08:59:51+00:00\" \/>\n<meta name=\"twitter:card\" content=\"summary_large_image\" \/>\n<meta name=\"twitter:label1\" content=\"Temps estimat de lectura\" \/>\n\t<meta name=\"twitter:data1\" content=\"7 minuts\" \/>\n<!-- \/ Yoast SEO plugin. -->","yoast_head_json":{"title":"Av\u00eds legal | FORCADELL","robots":{"index":"index","follow":"follow","max-snippet":"max-snippet:-1","max-image-preview":"max-image-preview:large","max-video-preview":"max-video-preview:-1"},"canonical":"https:\/\/forcadell.com\/ca\/avis-legal\/","og_locale":"ca_ES","og_type":"article","og_title":"Av\u00eds legal | FORCADELL","og_description":"Av\u00eds legal Aquesta p\u00e0gina web \u00e9s propietat de FORCADELL, que compr\u00e8n les seg\u00fcents empreses: &#8211; FORCADELL CORPORACIO IMMOBILIARIA, S.L., amb NIF B60358926 i domicili a Pl. Universitat, 3, 08007 (Barcelona), i inscrita al Registre Mercantil de Barcelona al Tom 26.365, Foli 28, Full B-103149. &#8211; FINCAS FORCADELL, S.L.U., amb NIF B60027182 i domicili a Pl. [&hellip;]","og_url":"https:\/\/forcadell.com\/ca\/avis-legal\/","og_site_name":"Forcadell","article_modified_time":"2026-04-02T08:59:51+00:00","twitter_card":"summary_large_image","twitter_misc":{"Temps estimat de lectura":"7 minuts"},"schema":{"@context":"https:\/\/schema.org","@graph":[{"@type":"WebPage","@id":"https:\/\/forcadell.com\/ca\/avis-legal\/","url":"https:\/\/forcadell.com\/ca\/avis-legal\/","name":"Av\u00eds legal | FORCADELL","isPartOf":{"@id":"https:\/\/forcadell.com\/ca\/#website"},"datePublished":"2024-06-29T13:23:19+00:00","dateModified":"2026-04-02T08:59:51+00:00","breadcrumb":{"@id":"https:\/\/forcadell.com\/ca\/avis-legal\/#breadcrumb"},"inLanguage":"ca","potentialAction":[{"@type":"ReadAction","target":["https:\/\/forcadell.com\/ca\/avis-legal\/"]}]},{"@type":"BreadcrumbList","@id":"https:\/\/forcadell.com\/ca\/avis-legal\/#breadcrumb","itemListElement":[{"@type":"ListItem","position":1,"name":"Portada","item":"https:\/\/forcadell.com\/ca\/"},{"@type":"ListItem","position":2,"name":"Av\u00eds legal"}]},{"@type":"WebSite","@id":"https:\/\/forcadell.com\/ca\/#website","url":"https:\/\/forcadell.com\/ca\/","name":"Forcadell","description":"Inmobiliaria Barcelona | Consultores inmobiliarios","potentialAction":[{"@type":"SearchAction","target":{"@type":"EntryPoint","urlTemplate":"https:\/\/forcadell.com\/ca\/?s={search_term_string}"},"query-input":{"@type":"PropertyValueSpecification","valueRequired":true,"valueName":"search_term_string"}}],"inLanguage":"ca"}]}},"_links":{"self":[{"href":"https:\/\/forcadell.com\/ca\/wp-json\/wp\/v2\/pages\/20134","targetHints":{"allow":["GET"]}}],"collection":[{"href":"https:\/\/forcadell.com\/ca\/wp-json\/wp\/v2\/pages"}],"about":[{"href":"https:\/\/forcadell.com\/ca\/wp-json\/wp\/v2\/types\/page"}],"author":[{"embeddable":true,"href":"https:\/\/forcadell.com\/ca\/wp-json\/wp\/v2\/users\/17"}],"replies":[{"embeddable":true,"href":"https:\/\/forcadell.com\/ca\/wp-json\/wp\/v2\/comments?post=20134"}],"version-history":[{"count":11,"href":"https:\/\/forcadell.com\/ca\/wp-json\/wp\/v2\/pages\/20134\/revisions"}],"predecessor-version":[{"id":63753,"href":"https:\/\/forcadell.com\/ca\/wp-json\/wp\/v2\/pages\/20134\/revisions\/63753"}],"wp:attachment":[{"href":"https:\/\/forcadell.com\/ca\/wp-json\/wp\/v2\/media?parent=20134"}],"curies":[{"name":"wp","href":"https:\/\/api.w.org\/{rel}","templated":true}]}}